{"id":2302,"date":"2025-10-21T10:54:29","date_gmt":"2025-10-21T07:54:29","guid":{"rendered":"https:\/\/katlanstein.de\/?post_type=product&#038;p=2302"},"modified":"2025-10-21T10:54:29","modified_gmt":"2025-10-21T07:54:29","slug":"kuvars-kumu","status":"publish","type":"product","link":"https:\/\/katlanstein.de\/tr\/product\/kuvars-kumu\/","title":{"rendered":"Kuvars Kumu"},"content":{"rendered":"<p>Kuvars\u0131n form\u00fcl\u00fc SiO2\u2019dir ve saf halde %46.5 Si ve %53.5 O2 i\u00e7erir. Mohs skalas\u0131nda sertli\u011fi 7, \u00f6zg\u00fcl a\u011f\u0131rl\u0131\u011f\u0131 2.65 gr\/cm3 ve ergime s\u0131cakl\u0131\u011f\u0131 1785\u00b0C\u2019dir. Yer kabu\u011funda olduk\u00e7a yayg\u0131n olarak bulunan minerallerden biridir. Do\u011fada pembe, gri, sar\u0131 ve beyaz renklerde bulunabilir.<\/p>\n<p><strong>Kuvars Kullan\u0131m Alanlar\u0131:<\/strong><\/p>\n<ul>\n<li>Yap\u0131 Kimyasallar\u0131 Kumu<\/li>\n<li>Ar\u0131tma Kumu<\/li>\n<li>Filtrasyon Kumu<\/li>\n<li>S\u00f6ve Kumu<\/li>\n<li>D\u00f6k\u00fcm Kumu<\/li>\n<li>Cam Sanayii<\/li>\n<li>Manej Kumu<\/li>\n<li>Hipodrom Kumu<\/li>\n<li>Plaj Kumu<\/li>\n<li>Bunker Kumu (Golf Sahas\u0131)<\/li>\n<li>A\u015f\u0131nd\u0131r\u0131c\u0131 Kum<\/li>\n<li>Hal\u0131 Saha Kumu<\/li>\n<li>Kumlama (Raspa) Kumu<\/li>\n<li>Plaj Oyun Alan\u0131 Kumu<\/li>\n<li>Patinaj Kumu<\/li>\n<li>\u00c7ocuk Oyun Alan\u0131 Kumu vb. alanlarda kullan\u0131lmaktad\u0131r.<\/li>\n<\/ul>\n<div class=\"clearfix\"><\/div>\n<p><b class=\"mt-30\">\u00dcr\u00fcn \u00d6zellikleri<\/b><\/p>\n<table>\n<tbody>\n<tr>\n<td><strong>Kimyasal Yap\u0131<\/strong><\/td>\n<td><strong>SiO<sub>2<\/sub>: 95.0 \u2013 99.8%<\/strong><\/td>\n<\/tr>\n<tr>\n<td><\/td>\n<td><strong>Al<sub>2<\/sub>O<sub>3<\/sub>: &lt;1.75%<\/strong><\/td>\n<\/tr>\n<tr>\n<td><\/td>\n<td><strong>Fe<sub>2<\/sub>O<sub>3<\/sub>: &lt;1.00%<\/strong><\/td>\n<\/tr>\n<tr>\n<td><\/td>\n<td><strong>CaO: &lt;0.70%<\/strong><\/td>\n<\/tr>\n<tr>\n<td><\/td>\n<td><strong>MgO: &lt;0.15%<\/strong><\/td>\n<\/tr>\n<tr>\n<td><\/td>\n<td><strong>Cl: &lt;0.03%<\/strong><\/td>\n<\/tr>\n<tr>\n<td><\/td>\n<td><strong>L.O.I: &lt;0.8%<\/strong><\/td>\n<\/tr>\n<tr>\n<td><strong>Fiziksel \u00d6zellikler<\/strong><\/td>\n<td><strong>Yo\u011funluk: 2.45\u00b10.2 gr\/cm<sup>3<\/sup><\/strong><\/td>\n<\/tr>\n<tr>\n<td><\/td>\n<td><strong>Y\u0131\u011f\u0131n Yo\u011funlu\u011fu: 1.35\u00b10.1 gr\/cm<sup>3<\/sup><\/strong><\/td>\n<\/tr>\n<tr>\n<td><\/td>\n<td><strong>Tane \u015eekli: K\u00f6\u015feli<\/strong><\/td>\n<\/tr>\n<tr>\n<td><strong>MOHS\u2019 Sertli\u011fi<\/strong><\/td>\n<td><strong>7<\/strong><\/td>\n<\/tr>\n<tr>\n<td><\/td>\n<td><strong>Renk: Sar\u0131ms\u0131\/Beyaz<\/strong><\/td>\n<\/tr>\n<tr>\n<td><strong>Ambalaj ve Sevkiyat<\/strong><\/td>\n<td><strong>Sevkiyat: A\u00e7\u0131k Damper, Silobas, Paletli<\/strong><\/td>\n<\/tr>\n<tr>\n<td><\/td>\n<td><strong>Ambalaj: PP Torba (25 Kg), BIGBAG Torba (1250 kg)<\/strong><\/td>\n<\/tr>\n<tr>\n<td><strong>Erime Noktas\u0131<\/strong><\/td>\n<td><strong>1785 \u00b0C<\/strong><\/td>\n<\/tr>\n<tr>\n<td><strong>Sinterle\u015fme S\u0131cakl\u0131\u011f\u0131<\/strong><\/td>\n<td><strong>&gt;1500 \u00b0C<\/strong><\/td>\n<\/tr>\n<\/tbody>\n<\/table>\n<div class=\"clearfix\"><\/div>\n<p><b class=\"mt-30\">\u00dcr\u00fcn \u00d6l\u00e7\u00fcleri<\/b><\/p>\n<table>\n<tbody>\n<tr>\n<td><strong>0 \u2013 63\u00a0<\/strong><strong>\u00b5<\/strong><\/td>\n<\/tr>\n<tr>\n<td><strong>0 \u2013 150\u00a0<\/strong><strong>\u00b5<\/strong><\/td>\n<\/tr>\n<tr>\n<td><strong>0 \u2013 200\u00a0<\/strong><strong>\u00b5<\/strong><\/td>\n<\/tr>\n<tr>\n<td><strong>0 \u2013 400\u00a0<\/strong><strong>\u00b5<\/strong><\/td>\n<\/tr>\n<tr>\n<td><strong>0 \u2013 800\u00a0<\/strong><strong>\u00b5<\/strong><\/td>\n<\/tr>\n<tr>\n<td><strong>300 \u2013 2500\u00a0<\/strong><strong>\u00b5<\/strong><\/td>\n<\/tr>\n<tr>\n<td><strong>400 \u2013 800\u00a0<\/strong><strong>\u00b5<\/strong><\/td>\n<\/tr>\n<tr>\n<td><strong>400 \u2013 2800\u00a0<\/strong><strong>\u00b5<\/strong><\/td>\n<\/tr>\n<tr>\n<td><strong>500 \u2013 1200\u00a0<\/strong><strong>\u00b5<\/strong><\/td>\n<\/tr>\n<tr>\n<td><strong>1000 \u2013 3000\u00a0<\/strong><strong>\u00b5<\/strong><\/td>\n<\/tr>\n<tr>\n<td><strong>3000 \u2013 5000\u00a0<\/strong><strong>\u00b5<\/strong><\/td>\n<\/tr>\n<tr>\n<td><strong>5000 \u2013 8000\u00a0<\/strong><strong>\u00b5<\/strong><\/td>\n<\/tr>\n<\/tbody>\n<\/table>\n","protected":false},"excerpt":{"rendered":"<p>Kuvars\u0131n form\u00fcl\u00fc SiO2\u2019dir ve saf halde %46.5 Si ve %53.5 O2 i\u00e7erir. Mohs skalas\u0131nda sertli\u011fi 7, \u00f6zg\u00fcl a\u011f\u0131rl\u0131\u011f\u0131 2.65 gr\/cm3 ve ergime s\u0131cakl\u0131\u011f\u0131 1785\u00b0C\u2019dir. Yer kabu\u011funda olduk\u00e7a yayg\u0131n olarak bulunan minerallerden biridir. Do\u011fada pembe, gri, sar\u0131 ve beyaz renklerde bulunabilir. Kuvars Kullan\u0131m Alanlar\u0131: Yap\u0131 Kimyasallar\u0131 Kumu Ar\u0131tma Kumu Filtrasyon Kumu S\u00f6ve Kumu D\u00f6k\u00fcm Kumu Cam [&hellip;]<\/p>\n","protected":false},"featured_media":2305,"template":"","product_category":[69],"class_list":["post-2302","product","type-product","status-publish","has-post-thumbnail","hentry","product_category-industrien-und"],"_links":{"self":[{"href":"https:\/\/katlanstein.de\/tr\/wp-json\/wp\/v2\/product\/2302","targetHints":{"allow":["GET"]}}],"collection":[{"href":"https:\/\/katlanstein.de\/tr\/wp-json\/wp\/v2\/product"}],"about":[{"href":"https:\/\/katlanstein.de\/tr\/wp-json\/wp\/v2\/types\/product"}],"version-history":[{"count":1,"href":"https:\/\/katlanstein.de\/tr\/wp-json\/wp\/v2\/product\/2302\/revisions"}],"predecessor-version":[{"id":2307,"href":"https:\/\/katlanstein.de\/tr\/wp-json\/wp\/v2\/product\/2302\/revisions\/2307"}],"wp:featuredmedia":[{"embeddable":true,"href":"https:\/\/katlanstein.de\/tr\/wp-json\/wp\/v2\/media\/2305"}],"wp:attachment":[{"href":"https:\/\/katlanstein.de\/tr\/wp-json\/wp\/v2\/media?parent=2302"}],"wp:term":[{"taxonomy":"product_category","embeddable":true,"href":"https:\/\/katlanstein.de\/tr\/wp-json\/wp\/v2\/product_category?post=2302"}],"curies":[{"name":"wp","href":"https:\/\/api.w.org\/{rel}","templated":true}]}}