{"id":2283,"date":"2025-10-21T10:49:57","date_gmt":"2025-10-21T07:49:57","guid":{"rendered":"https:\/\/katlanstein.de\/?post_type=product&#038;p=2283"},"modified":"2025-10-21T10:49:57","modified_gmt":"2025-10-21T07:49:57","slug":"bazalt","status":"publish","type":"product","link":"https:\/\/katlanstein.de\/tr\/product\/bazalt\/","title":{"rendered":"Bazalt"},"content":{"rendered":"<p><strong>Bazalt<\/strong><\/p>\n<p>Bazalt, volkanik bir kaya\u00e7t\u0131r ve siyah ya da siyaha yak\u0131n gri renklerde bulunabilir. Homojen yap\u0131da olan bu kaya\u00e7, 6.5-7 Mohs sertli\u011findedir ve olduk\u00e7a dayan\u0131kl\u0131d\u0131r.<\/p>\n<p><strong>Kullan\u0131m Alanlar\u0131:<\/strong><\/p>\n<ul>\n<li>Filtre Kumu<\/li>\n<li>A\u015f\u0131nd\u0131r\u0131c\u0131<\/li>\n<li>Kumlama (Raspa) Kumu<\/li>\n<li>Yap\u0131 Kimyasallar\u0131<\/li>\n<li>Beton Y\u00fczey Sertle\u015ftirici<\/li>\n<li>Balast Ta\u015f\u0131 vb. alanlarda kullan\u0131l\u0131r.<\/li>\n<\/ul>\n<p><b class=\"mt-30\">\u00dcr\u00fcn \u00d6zellikleri<\/b><\/p>\n<table>\n<tbody>\n<tr>\n<td>Kimyasal Yap\u0131s\u0131<\/td>\n<td>SiO2 : 57 \u2013 65<br \/>\nAl2O3 : 16 \u2013 20<\/td>\n<\/tr>\n<tr>\n<td>\u00d6zg\u00fcl A\u011f\u0131rl\u0131\u011f\u0131<\/td>\n<td>2,7 gr\/cm3<\/td>\n<\/tr>\n<tr>\n<td>MOHS\u2019 Sertli\u011fi<\/td>\n<td>6 \u2013 7<\/td>\n<\/tr>\n<tr>\n<td>Renk<\/td>\n<td>Siyah<\/td>\n<\/tr>\n<\/tbody>\n<\/table>\n<div class=\"clearfix\"><\/div>\n<p><b class=\"mt-30\">\u00dcr\u00fcn \u00d6l\u00e7\u00fcleri<\/b><\/p>\n<table>\n<tbody>\n<tr>\n<td>0 \u2013 500 \u00b5m<\/td>\n<td>0 \u2013 1000 \u00b5m<\/td>\n<\/tr>\n<tr>\n<td>500 \u2013 1000 \u00b5m<\/td>\n<td>1000 \u2013 2000 \u00b5m<\/td>\n<\/tr>\n<tr>\n<td>400 \u2013 2800 \u00b5m<\/td>\n<td>1000 \u2013 3000 \u00b5m<\/td>\n<\/tr>\n<tr>\n<td><\/td>\n<td>2000 \u2013 4000 \u00b5m<\/td>\n<\/tr>\n<\/tbody>\n<\/table>\n","protected":false},"excerpt":{"rendered":"<p>Bazalt Bazalt, volkanik bir kaya\u00e7t\u0131r ve siyah ya da siyaha yak\u0131n gri renklerde bulunabilir. Homojen yap\u0131da olan bu kaya\u00e7, 6.5-7 Mohs sertli\u011findedir ve olduk\u00e7a dayan\u0131kl\u0131d\u0131r. Kullan\u0131m Alanlar\u0131: Filtre Kumu A\u015f\u0131nd\u0131r\u0131c\u0131 Kumlama (Raspa) Kumu Yap\u0131 Kimyasallar\u0131 Beton Y\u00fczey Sertle\u015ftirici Balast Ta\u015f\u0131 vb. alanlarda kullan\u0131l\u0131r. \u00dcr\u00fcn \u00d6zellikleri Kimyasal Yap\u0131s\u0131 SiO2 : 57 \u2013 65 Al2O3 : 16 [&hellip;]<\/p>\n","protected":false},"featured_media":2284,"template":"","product_category":[69],"class_list":["post-2283","product","type-product","status-publish","has-post-thumbnail","hentry","product_category-industrien-und"],"_links":{"self":[{"href":"https:\/\/katlanstein.de\/tr\/wp-json\/wp\/v2\/product\/2283","targetHints":{"allow":["GET"]}}],"collection":[{"href":"https:\/\/katlanstein.de\/tr\/wp-json\/wp\/v2\/product"}],"about":[{"href":"https:\/\/katlanstein.de\/tr\/wp-json\/wp\/v2\/types\/product"}],"version-history":[{"count":1,"href":"https:\/\/katlanstein.de\/tr\/wp-json\/wp\/v2\/product\/2283\/revisions"}],"predecessor-version":[{"id":2288,"href":"https:\/\/katlanstein.de\/tr\/wp-json\/wp\/v2\/product\/2283\/revisions\/2288"}],"wp:featuredmedia":[{"embeddable":true,"href":"https:\/\/katlanstein.de\/tr\/wp-json\/wp\/v2\/media\/2284"}],"wp:attachment":[{"href":"https:\/\/katlanstein.de\/tr\/wp-json\/wp\/v2\/media?parent=2283"}],"wp:term":[{"taxonomy":"product_category","embeddable":true,"href":"https:\/\/katlanstein.de\/tr\/wp-json\/wp\/v2\/product_category?post=2283"}],"curies":[{"name":"wp","href":"https:\/\/api.w.org\/{rel}","templated":true}]}}