{"id":2185,"date":"2025-10-21T10:18:23","date_gmt":"2025-10-21T07:18:23","guid":{"rendered":"https:\/\/katlanstein.de\/?post_type=product&#038;p=2185"},"modified":"2025-11-03T15:24:13","modified_gmt":"2025-11-03T12:24:13","slug":"green-angel","status":"publish","type":"product","link":"https:\/\/katlanstein.de\/tr\/product\/green-angel\/","title":{"rendered":"Green Angel"},"content":{"rendered":"<p><strong>\u0130\u00e7erik:\u00a0<\/strong>Tamburlanm\u0131\u015f Green Angel ta\u015f\u0131.<\/p>\n<p><strong>\u00dcr\u00fcn \u00d6l\u00e7\u00fcs\u00fc:\u00a0<\/strong>1-2 cm, 2-4 cm, 4-6 cm, 6-10 cm ebatlar\u0131nda \u00fcretilmektedir.<\/p>\n<p><strong>Kullan\u0131m Alan\u0131:\u00a0<\/strong>Peyzaj uygulamalar\u0131nda, s\u00fcsleme ama\u00e7l\u0131 kullan\u0131lmaktad\u0131r.<\/p>\n<p><strong>Kullan\u0131m \u015eekli:\u00a0<\/strong>\u0130htiya\u00e7 kadar kullan\u0131labilir.<\/p>\n<p><strong>Ambalaj:\u00a0<\/strong>20\u00a0kg veya bigbag.<\/p>\n","protected":false},"excerpt":{"rendered":"<p>\u0130\u00e7erik:\u00a0Tamburlanm\u0131\u015f Green Angel ta\u015f\u0131. \u00dcr\u00fcn \u00d6l\u00e7\u00fcs\u00fc:\u00a01-2 cm, 2-4 cm, 4-6 cm, 6-10 cm ebatlar\u0131nda \u00fcretilmektedir. Kullan\u0131m Alan\u0131:\u00a0Peyzaj uygulamalar\u0131nda, s\u00fcsleme ama\u00e7l\u0131 kullan\u0131lmaktad\u0131r. Kullan\u0131m \u015eekli:\u00a0\u0130htiya\u00e7 kadar kullan\u0131labilir. Ambalaj:\u00a020\u00a0kg veya bigbag.<\/p>\n","protected":false},"featured_media":2192,"template":"","product_category":[8],"class_list":["post-2185","product","type-product","status-publish","has-post-thumbnail","hentry","product_category-natursteine"],"_links":{"self":[{"href":"https:\/\/katlanstein.de\/tr\/wp-json\/wp\/v2\/product\/2185","targetHints":{"allow":["GET"]}}],"collection":[{"href":"https:\/\/katlanstein.de\/tr\/wp-json\/wp\/v2\/product"}],"about":[{"href":"https:\/\/katlanstein.de\/tr\/wp-json\/wp\/v2\/types\/product"}],"version-history":[{"count":4,"href":"https:\/\/katlanstein.de\/tr\/wp-json\/wp\/v2\/product\/2185\/revisions"}],"predecessor-version":[{"id":2871,"href":"https:\/\/katlanstein.de\/tr\/wp-json\/wp\/v2\/product\/2185\/revisions\/2871"}],"wp:featuredmedia":[{"embeddable":true,"href":"https:\/\/katlanstein.de\/tr\/wp-json\/wp\/v2\/media\/2192"}],"wp:attachment":[{"href":"https:\/\/katlanstein.de\/tr\/wp-json\/wp\/v2\/media?parent=2185"}],"wp:term":[{"taxonomy":"product_category","embeddable":true,"href":"https:\/\/katlanstein.de\/tr\/wp-json\/wp\/v2\/product_category?post=2185"}],"curies":[{"name":"wp","href":"https:\/\/api.w.org\/{rel}","templated":true}]}}