{"id":1218,"date":"2024-11-25T17:13:01","date_gmt":"2024-11-25T17:13:01","guid":{"rendered":"https:\/\/www.test.nifstone.com\/?post_type=product&#038;p=1218"},"modified":"2025-11-03T15:24:53","modified_gmt":"2025-11-03T12:24:53","slug":"granit-2","status":"publish","type":"product","link":"https:\/\/katlanstein.de\/tr\/product\/granit-2\/","title":{"rendered":"Granit"},"content":{"rendered":"<p><strong>\u0130\u00e7erik:\u00a0<\/strong>Tamburlanm\u0131\u015f Granit\u00a0 ta\u015f\u0131.<\/p>\n<p><strong>\u00dcr\u00fcn \u00d6l\u00e7\u00fcs\u00fc:\u00a0<\/strong>1-2 cm, 2-4 cm, 4-6 cm, 6-10 cm ebatlar\u0131nda \u00fcretilmektedir.<\/p>\n<p><strong>Kullan\u0131m Alan\u0131:\u00a0<\/strong>Peyzaj uygulamalar\u0131nda, s\u00fcsleme ama\u00e7l\u0131 kullan\u0131lmaktad\u0131r.<\/p>\n<p><strong>Kullan\u0131m \u015eekli:\u00a0<\/strong>\u0130htiya\u00e7 kadar kullan\u0131labilir.<\/p>\n<p><strong>Ambalaj:\u00a0<\/strong>20\u00a0kg veya bigbag.<\/p>\n","protected":false},"excerpt":{"rendered":"<p>Granit Balls, granit malzemenin k\u00fc\u00e7\u00fck par\u00e7alar\u0131n\u0131n preslenmesi veya \u015fekillendirilmesiyle yap\u0131lan dekoratif bir malzemedir. Farkl\u0131 renklerde mevcuttur<\/p>\n","protected":false},"featured_media":1223,"template":"","product_category":[8],"class_list":["post-1218","product","type-product","status-publish","has-post-thumbnail","hentry","product_category-natursteine"],"_links":{"self":[{"href":"https:\/\/katlanstein.de\/tr\/wp-json\/wp\/v2\/product\/1218","targetHints":{"allow":["GET"]}}],"collection":[{"href":"https:\/\/katlanstein.de\/tr\/wp-json\/wp\/v2\/product"}],"about":[{"href":"https:\/\/katlanstein.de\/tr\/wp-json\/wp\/v2\/types\/product"}],"version-history":[{"count":4,"href":"https:\/\/katlanstein.de\/tr\/wp-json\/wp\/v2\/product\/1218\/revisions"}],"predecessor-version":[{"id":2876,"href":"https:\/\/katlanstein.de\/tr\/wp-json\/wp\/v2\/product\/1218\/revisions\/2876"}],"wp:featuredmedia":[{"embeddable":true,"href":"https:\/\/katlanstein.de\/tr\/wp-json\/wp\/v2\/media\/1223"}],"wp:attachment":[{"href":"https:\/\/katlanstein.de\/tr\/wp-json\/wp\/v2\/media?parent=1218"}],"wp:term":[{"taxonomy":"product_category","embeddable":true,"href":"https:\/\/katlanstein.de\/tr\/wp-json\/wp\/v2\/product_category?post=1218"}],"curies":[{"name":"wp","href":"https:\/\/api.w.org\/{rel}","templated":true}]}}