{"id":1121,"date":"2025-10-26T00:25:38","date_gmt":"2025-10-25T21:25:38","guid":{"rendered":"https:\/\/www.test.nifstone.com\/?post_type=product&#038;p=1121"},"modified":"2025-11-03T15:23:26","modified_gmt":"2025-11-03T12:23:26","slug":"red-stone","status":"publish","type":"product","link":"https:\/\/katlanstein.de\/tr\/product\/red-stone\/","title":{"rendered":"Red Stone"},"content":{"rendered":"<p>Canl\u0131 ve g\u00f6z al\u0131c\u0131 k\u0131rm\u0131z\u0131 rengiyle Red Stone ta\u015flar\u0131, projelerinize dinamik bir estetik katmak i\u00e7in m\u00fckemmel bir tercihtir. Dekoratif peyzaj uygulamalar\u0131 ve yap\u0131 projelerinde kullan\u0131ma uygun olan bu ta\u015flar, \u015f\u0131kl\u0131\u011f\u0131 ve sa\u011flaml\u0131\u011f\u0131 bir arada sunar.<\/p>\n","protected":false},"excerpt":{"rendered":"<p>Red Stone ta\u015flar\u0131, projelerinize \u00e7arp\u0131c\u0131 bir renk ve dayan\u0131kl\u0131l\u0131k katarak, g\u00f6rsel olarak zengin ve uzun \u00f6m\u00fcrl\u00fc \u00e7\u00f6z\u00fcmler sunar. Hem estetik hem de fonksiyonel ihtiya\u00e7lar\u0131n\u0131z\u0131 kar\u015f\u0131layacak bir malzeme olarak \u00f6ne \u00e7\u0131kar.<\/p>\n","protected":false},"featured_media":1122,"template":"","product_category":[9],"class_list":["post-1121","product","type-product","status-publish","has-post-thumbnail","hentry","product_category-aggregat"],"_links":{"self":[{"href":"https:\/\/katlanstein.de\/tr\/wp-json\/wp\/v2\/product\/1121","targetHints":{"allow":["GET"]}}],"collection":[{"href":"https:\/\/katlanstein.de\/tr\/wp-json\/wp\/v2\/product"}],"about":[{"href":"https:\/\/katlanstein.de\/tr\/wp-json\/wp\/v2\/types\/product"}],"version-history":[{"count":7,"href":"https:\/\/katlanstein.de\/tr\/wp-json\/wp\/v2\/product\/1121\/revisions"}],"predecessor-version":[{"id":2867,"href":"https:\/\/katlanstein.de\/tr\/wp-json\/wp\/v2\/product\/1121\/revisions\/2867"}],"wp:featuredmedia":[{"embeddable":true,"href":"https:\/\/katlanstein.de\/tr\/wp-json\/wp\/v2\/media\/1122"}],"wp:attachment":[{"href":"https:\/\/katlanstein.de\/tr\/wp-json\/wp\/v2\/media?parent=1121"}],"wp:term":[{"taxonomy":"product_category","embeddable":true,"href":"https:\/\/katlanstein.de\/tr\/wp-json\/wp\/v2\/product_category?post=1121"}],"curies":[{"name":"wp","href":"https:\/\/api.w.org\/{rel}","templated":true}]}}