{"id":1115,"date":"2025-10-26T00:25:38","date_gmt":"2025-10-25T21:25:38","guid":{"rendered":"https:\/\/www.test.nifstone.com\/?post_type=product&#038;p=1115"},"modified":"2025-11-03T15:23:08","modified_gmt":"2025-11-03T12:23:08","slug":"mix","status":"publish","type":"product","link":"https:\/\/katlanstein.de\/tr\/product\/mix\/","title":{"rendered":"Mix"},"content":{"rendered":"<p>Farkl\u0131 renk ve dokular\u0131n e\u015fsiz birle\u015fimi olan mix ta\u015flar\u0131, projelerinize dinamik ve estetik bir g\u00f6r\u00fcn\u00fcm katmak i\u00e7in m\u00fckemmel bir se\u00e7enektir. Do\u011fal bir kar\u0131\u015f\u0131m sunan bu ta\u015flar, dekoratif d\u00fczenlemelerden in\u015faat projelerine kadar geni\u015f bir kullan\u0131m alan\u0131na sahiptir.<\/p>\n","protected":false},"excerpt":{"rendered":"<p>Farkl\u0131 renk ve dokular\u0131n e\u015fsiz birle\u015fimi olan mix ta\u015flar\u0131, projelerinize dinamik ve estetik bir g\u00f6r\u00fcn\u00fcm katmak i\u00e7in m\u00fckemmel bir se\u00e7enektir. Do\u011fal bir kar\u0131\u015f\u0131m sunan bu ta\u015flar, dekoratif d\u00fczenlemelerden in\u015faat projelerine kadar geni\u015f bir kullan\u0131m alan\u0131na sahiptir.<\/p>\n","protected":false},"featured_media":1117,"template":"","product_category":[9],"class_list":["post-1115","product","type-product","status-publish","has-post-thumbnail","hentry","product_category-aggregat"],"_links":{"self":[{"href":"https:\/\/katlanstein.de\/tr\/wp-json\/wp\/v2\/product\/1115","targetHints":{"allow":["GET"]}}],"collection":[{"href":"https:\/\/katlanstein.de\/tr\/wp-json\/wp\/v2\/product"}],"about":[{"href":"https:\/\/katlanstein.de\/tr\/wp-json\/wp\/v2\/types\/product"}],"version-history":[{"count":3,"href":"https:\/\/katlanstein.de\/tr\/wp-json\/wp\/v2\/product\/1115\/revisions"}],"predecessor-version":[{"id":2863,"href":"https:\/\/katlanstein.de\/tr\/wp-json\/wp\/v2\/product\/1115\/revisions\/2863"}],"wp:featuredmedia":[{"embeddable":true,"href":"https:\/\/katlanstein.de\/tr\/wp-json\/wp\/v2\/media\/1117"}],"wp:attachment":[{"href":"https:\/\/katlanstein.de\/tr\/wp-json\/wp\/v2\/media?parent=1115"}],"wp:term":[{"taxonomy":"product_category","embeddable":true,"href":"https:\/\/katlanstein.de\/tr\/wp-json\/wp\/v2\/product_category?post=1115"}],"curies":[{"name":"wp","href":"https:\/\/api.w.org\/{rel}","templated":true}]}}