{"id":1101,"date":"2024-11-18T14:00:24","date_gmt":"2024-11-18T14:00:24","guid":{"rendered":"https:\/\/www.test.nifstone.com\/?post_type=product&#038;p=1101"},"modified":"2025-11-03T15:28:44","modified_gmt":"2025-11-03T12:28:44","slug":"pine-bark","status":"publish","type":"product","link":"https:\/\/katlanstein.de\/tr\/product\/pine-bark\/","title":{"rendered":"Pine Bark"},"content":{"rendered":"<p>Pine Bark ta\u015f\u0131, do\u011fal bir malzeme oldu\u011fundan \u00e7evre dostudur ve s\u00fcrd\u00fcr\u00fclebilir bir \u015fekilde \u00fcretilir. Ayr\u0131ca, uzun s\u00fcre dayan\u0131kl\u0131d\u0131r ve d\u00fczenli olarak yenilenmesi gerekmeyen bir malzemedir.<\/p>\n<p>Pine Bark ta\u015f\u0131, farkl\u0131 boyutlarda ve \u015fekillerde mevcuttur ve istenilen \u00f6zelliklere g\u00f6re i\u015flenebilir. \u00d6zellikle, ince taneli Pine Bark ta\u015f\u0131, genellikle bah\u00e7e peyzaj\u0131 ve bitki kaplamalar\u0131 i\u00e7in kullan\u0131l\u0131rken, daha kal\u0131n taneli Pine Bark ta\u015f\u0131, toprak erozyonunu \u00f6nlemek i\u00e7in kullan\u0131l\u0131r.<\/p>\n","protected":false},"excerpt":{"rendered":"<p>Pine Bark ta\u015f\u0131, do\u011fal bir malzeme oldu\u011fundan \u00e7evre dostudur ve s\u00fcrd\u00fcr\u00fclebilir bir \u015fekilde \u00fcretilir. Ayr\u0131ca, uzun s\u00fcre dayan\u0131kl\u0131d\u0131r ve d\u00fczenli olarak yenilenmesi gerekmeyen bir malzemedir. Pine Bark ta\u015f\u0131, farkl\u0131 boyutlarda ve \u015fekillerde mevcuttur ve istenilen \u00f6zelliklere g\u00f6re i\u015flenebilir. \u00d6zellikle, ince taneli Pine Bark ta\u015f\u0131, genellikle bah\u00e7e peyzaj\u0131 ve bitki kaplamalar\u0131 i\u00e7in kullan\u0131l\u0131rken, daha kal\u0131n taneli [&hellip;]<\/p>\n","protected":false},"featured_media":1105,"template":"","product_category":[],"class_list":["post-1101","product","type-product","status-publish","has-post-thumbnail","hentry"],"_links":{"self":[{"href":"https:\/\/katlanstein.de\/tr\/wp-json\/wp\/v2\/product\/1101","targetHints":{"allow":["GET"]}}],"collection":[{"href":"https:\/\/katlanstein.de\/tr\/wp-json\/wp\/v2\/product"}],"about":[{"href":"https:\/\/katlanstein.de\/tr\/wp-json\/wp\/v2\/types\/product"}],"version-history":[{"count":3,"href":"https:\/\/katlanstein.de\/tr\/wp-json\/wp\/v2\/product\/1101\/revisions"}],"predecessor-version":[{"id":2878,"href":"https:\/\/katlanstein.de\/tr\/wp-json\/wp\/v2\/product\/1101\/revisions\/2878"}],"wp:featuredmedia":[{"embeddable":true,"href":"https:\/\/katlanstein.de\/tr\/wp-json\/wp\/v2\/media\/1105"}],"wp:attachment":[{"href":"https:\/\/katlanstein.de\/tr\/wp-json\/wp\/v2\/media?parent=1101"}],"wp:term":[{"taxonomy":"product_category","embeddable":true,"href":"https:\/\/katlanstein.de\/tr\/wp-json\/wp\/v2\/product_category?post=1101"}],"curies":[{"name":"wp","href":"https:\/\/api.w.org\/{rel}","templated":true}]}}