{"id":1089,"date":"2024-11-18T13:54:58","date_gmt":"2024-11-18T13:54:58","guid":{"rendered":"https:\/\/www.test.nifstone.com\/?post_type=product&#038;p=1089"},"modified":"2025-11-03T15:33:42","modified_gmt":"2025-11-03T12:33:42","slug":"natural-stone-chips","status":"publish","type":"product","link":"https:\/\/katlanstein.de\/tr\/product\/natural-stone-chips\/","title":{"rendered":"Natural Stone Chips"},"content":{"rendered":"<p>Natural Stone Chips, bir\u00e7ok do\u011fal ta\u015f malzemesinin k\u0131r\u0131lmas\u0131yla elde edilen k\u00fc\u00e7\u00fck par\u00e7alardan olu\u015fur. Bu ta\u015flar, granit, mermer, kire\u00e7ta\u015f\u0131, kuvarsit ve bazalt gibi \u00e7e\u015fitli do\u011fal kayalar\u0131n par\u00e7alanmas\u0131yla \u00fcretilir. Natural Stone Chips, dekoratif ama\u00e7lar i\u00e7in kullan\u0131l\u0131r ve peyzaj, in\u015faat, zemin d\u00f6\u015feme, y\u00fczme havuzu kaplamalar\u0131 ve duvar kaplamalar\u0131 gibi bir\u00e7ok alanda kullan\u0131labilir.<\/p>\n<p>Natural Stone Chips, do\u011fal kayalar\u0131n benzersiz renkleri ve desenleri sayesinde g\u00f6rsel a\u00e7\u0131dan \u00e7ekicidir. Ayr\u0131ca, \u00e7evre dostu bir malzemedir ve geri d\u00f6n\u00fc\u015ft\u00fcr\u00fclebilir. Natural Stone Chips, \u00f6zellikle y\u00fcksek trafikli alanlar ve a\u011f\u0131r y\u00fcklerin oldu\u011fu yerlerde dayan\u0131kl\u0131 bir se\u00e7enektir.<\/p>\n","protected":false},"excerpt":{"rendered":"<p>Natural Stone Chips, bir\u00e7ok do\u011fal ta\u015f malzemesinin k\u0131r\u0131lmas\u0131yla elde edilen k\u00fc\u00e7\u00fck par\u00e7alardan olu\u015fur. Bu ta\u015flar, granit, mermer, kire\u00e7ta\u015f\u0131, kuvarsit ve bazalt gibi \u00e7e\u015fitli do\u011fal kayalar\u0131n par\u00e7alanmas\u0131yla \u00fcretilir. Natural Stone Chips, dekoratif ama\u00e7lar i\u00e7in kullan\u0131l\u0131r ve peyzaj, in\u015faat, zemin d\u00f6\u015feme, y\u00fczme havuzu kaplamalar\u0131 ve duvar kaplamalar\u0131 gibi bir\u00e7ok alanda kullan\u0131labilir. Natural Stone Chips, do\u011fal kayalar\u0131n benzersiz [&hellip;]<\/p>\n","protected":false},"featured_media":1111,"template":"","product_category":[8],"class_list":["post-1089","product","type-product","status-publish","has-post-thumbnail","hentry","product_category-natursteine"],"_links":{"self":[{"href":"https:\/\/katlanstein.de\/tr\/wp-json\/wp\/v2\/product\/1089","targetHints":{"allow":["GET"]}}],"collection":[{"href":"https:\/\/katlanstein.de\/tr\/wp-json\/wp\/v2\/product"}],"about":[{"href":"https:\/\/katlanstein.de\/tr\/wp-json\/wp\/v2\/types\/product"}],"version-history":[{"count":3,"href":"https:\/\/katlanstein.de\/tr\/wp-json\/wp\/v2\/product\/1089\/revisions"}],"predecessor-version":[{"id":2879,"href":"https:\/\/katlanstein.de\/tr\/wp-json\/wp\/v2\/product\/1089\/revisions\/2879"}],"wp:featuredmedia":[{"embeddable":true,"href":"https:\/\/katlanstein.de\/tr\/wp-json\/wp\/v2\/media\/1111"}],"wp:attachment":[{"href":"https:\/\/katlanstein.de\/tr\/wp-json\/wp\/v2\/media?parent=1089"}],"wp:term":[{"taxonomy":"product_category","embeddable":true,"href":"https:\/\/katlanstein.de\/tr\/wp-json\/wp\/v2\/product_category?post=1089"}],"curies":[{"name":"wp","href":"https:\/\/api.w.org\/{rel}","templated":true}]}}