{"id":1083,"date":"2024-11-18T13:51:44","date_gmt":"2024-11-18T13:51:44","guid":{"rendered":"https:\/\/www.test.nifstone.com\/?post_type=product&#038;p=1083"},"modified":"2025-11-03T15:33:50","modified_gmt":"2025-11-03T12:33:50","slug":"quartz","status":"publish","type":"product","link":"https:\/\/katlanstein.de\/tr\/product\/quartz\/","title":{"rendered":"Quartz"},"content":{"rendered":"<p>Quartz ta\u015f\u0131, silikon dioksit mineralinin kristalize olmu\u015f formudur ve en s\u0131k bulunan minerallerden biridir. Kimyasal form\u00fcl\u00fc SiO2&#8217;dir. Kristal yap\u0131lar\u0131, \u00e7e\u015fitli end\u00fcstriyel, bilimsel ve dekoratif ama\u00e7lar i\u00e7in kullan\u0131lmaktad\u0131r.<\/p>\n<p>Quartz ta\u015f\u0131, sert ve dayan\u0131kl\u0131 bir malzemedir. Mohs sertlik \u00f6l\u00e7e\u011finde 7 numaradad\u0131r, bu da di\u011fer minerallerin \u00e7o\u011fundan daha sert oldu\u011fu anlam\u0131na gelir. Bu \u00f6zelli\u011fi nedeniyle, in\u015faat malzemelerinde, optiklerde ve elektronik cihazlarda kullan\u0131l\u0131r.<\/p>\n","protected":false},"excerpt":{"rendered":"<p>Quartz ta\u015f\u0131, silikon dioksit mineralinin kristalize olmu\u015f formudur ve en s\u0131k bulunan minerallerden biridir. Kimyasal form\u00fcl\u00fc SiO2&#8217;dir. Kristal yap\u0131lar\u0131, \u00e7e\u015fitli end\u00fcstriyel, bilimsel ve dekoratif ama\u00e7lar i\u00e7in kullan\u0131lmaktad\u0131r. Quartz ta\u015f\u0131, sert ve dayan\u0131kl\u0131 bir malzemedir. Mohs sertlik \u00f6l\u00e7e\u011finde 7 numaradad\u0131r, bu da di\u011fer minerallerin \u00e7o\u011fundan daha sert oldu\u011fu anlam\u0131na gelir. Bu \u00f6zelli\u011fi nedeniyle, in\u015faat malzemelerinde, optiklerde [&hellip;]<\/p>\n","protected":false},"featured_media":1084,"template":"","product_category":[8],"class_list":["post-1083","product","type-product","status-publish","has-post-thumbnail","hentry","product_category-natursteine"],"_links":{"self":[{"href":"https:\/\/katlanstein.de\/tr\/wp-json\/wp\/v2\/product\/1083","targetHints":{"allow":["GET"]}}],"collection":[{"href":"https:\/\/katlanstein.de\/tr\/wp-json\/wp\/v2\/product"}],"about":[{"href":"https:\/\/katlanstein.de\/tr\/wp-json\/wp\/v2\/types\/product"}],"version-history":[{"count":3,"href":"https:\/\/katlanstein.de\/tr\/wp-json\/wp\/v2\/product\/1083\/revisions"}],"predecessor-version":[{"id":2880,"href":"https:\/\/katlanstein.de\/tr\/wp-json\/wp\/v2\/product\/1083\/revisions\/2880"}],"wp:featuredmedia":[{"embeddable":true,"href":"https:\/\/katlanstein.de\/tr\/wp-json\/wp\/v2\/media\/1084"}],"wp:attachment":[{"href":"https:\/\/katlanstein.de\/tr\/wp-json\/wp\/v2\/media?parent=1083"}],"wp:term":[{"taxonomy":"product_category","embeddable":true,"href":"https:\/\/katlanstein.de\/tr\/wp-json\/wp\/v2\/product_category?post=1083"}],"curies":[{"name":"wp","href":"https:\/\/api.w.org\/{rel}","templated":true}]}}