{"id":1072,"date":"2024-11-18T13:42:29","date_gmt":"2024-11-18T13:42:29","guid":{"rendered":"https:\/\/www.test.nifstone.com\/?post_type=product&#038;p=1072"},"modified":"2025-11-03T15:34:06","modified_gmt":"2025-11-03T12:34:06","slug":"red-pumice","status":"publish","type":"product","link":"https:\/\/katlanstein.de\/tr\/product\/red-pumice\/","title":{"rendered":"Red Pumice"},"content":{"rendered":"<p>Red Pumice ta\u015f\u0131, vulkanik piroklastik malzemelerin (k\u00fcller, lav par\u00e7ac\u0131klar\u0131, vb.) birikimlerinden olu\u015fan volkanik bir kaya\u00e7t\u0131r. Mineralojik olarak, b\u00fcy\u00fck \u00e7o\u011funlu\u011fu SiO2, Al2O3, FeO ve MgO gibi oksitlerden olu\u015fan volkanik cam ve feldispat minerallerinden olu\u015fur. D\u00fc\u015f\u00fck yo\u011funlu\u011fu ve y\u00fcksek porozitesi, \u00f6zellikle in\u015faat, \u00e7evre ve madencilik end\u00fcstrilerinde kullan\u0131m\u0131na olanak tan\u0131r. Bu ta\u015f\u0131n \u00f6zellikle kimyasal a\u015f\u0131nd\u0131r\u0131c\u0131l\u0131k, ses yal\u0131t\u0131m\u0131 ve hava filtreleme gibi \u00f6zellikleri, ayr\u0131ca polimer esasl\u0131 kompozit malzemelerde dolgu maddesi olarak kullan\u0131lmas\u0131 i\u00e7in de uygunlu\u011funu art\u0131r\u0131r. Red Pumice ta\u015f\u0131, \u0130talya, \u0130spanya, T\u00fcrkiye ve Meksika gibi \u00fclkelerde \u00e7\u0131kar\u0131l\u0131r ve end\u00fcstriyel kullan\u0131m alanlar\u0131ndaki \u00f6nemi nedeniyle k\u00fcresel \u00e7apta bir\u00e7ok uygulama bulunmaktad\u0131r.<\/p>\n","protected":false},"excerpt":{"rendered":"<p>Red Pumice ta\u015f\u0131, vulkanik piroklastik malzemelerin (k\u00fcller, lav par\u00e7ac\u0131klar\u0131, vb.) birikimlerinden olu\u015fan volkanik bir kaya\u00e7t\u0131r. Mineralojik olarak, b\u00fcy\u00fck \u00e7o\u011funlu\u011fu SiO2, Al2O3, FeO ve MgO gibi oksitlerden olu\u015fan volkanik cam ve feldispat minerallerinden olu\u015fur. D\u00fc\u015f\u00fck yo\u011funlu\u011fu ve y\u00fcksek porozitesi, \u00f6zellikle in\u015faat, \u00e7evre ve madencilik end\u00fcstrilerinde kullan\u0131m\u0131na olanak tan\u0131r. Bu ta\u015f\u0131n \u00f6zellikle kimyasal a\u015f\u0131nd\u0131r\u0131c\u0131l\u0131k, ses yal\u0131t\u0131m\u0131 ve [&hellip;]<\/p>\n","protected":false},"featured_media":1074,"template":"","product_category":[8],"class_list":["post-1072","product","type-product","status-publish","has-post-thumbnail","hentry","product_category-natursteine"],"_links":{"self":[{"href":"https:\/\/katlanstein.de\/tr\/wp-json\/wp\/v2\/product\/1072","targetHints":{"allow":["GET"]}}],"collection":[{"href":"https:\/\/katlanstein.de\/tr\/wp-json\/wp\/v2\/product"}],"about":[{"href":"https:\/\/katlanstein.de\/tr\/wp-json\/wp\/v2\/types\/product"}],"version-history":[{"count":4,"href":"https:\/\/katlanstein.de\/tr\/wp-json\/wp\/v2\/product\/1072\/revisions"}],"predecessor-version":[{"id":2882,"href":"https:\/\/katlanstein.de\/tr\/wp-json\/wp\/v2\/product\/1072\/revisions\/2882"}],"wp:featuredmedia":[{"embeddable":true,"href":"https:\/\/katlanstein.de\/tr\/wp-json\/wp\/v2\/media\/1074"}],"wp:attachment":[{"href":"https:\/\/katlanstein.de\/tr\/wp-json\/wp\/v2\/media?parent=1072"}],"wp:term":[{"taxonomy":"product_category","embeddable":true,"href":"https:\/\/katlanstein.de\/tr\/wp-json\/wp\/v2\/product_category?post=1072"}],"curies":[{"name":"wp","href":"https:\/\/api.w.org\/{rel}","templated":true}]}}