{"id":1060,"date":"2024-11-18T13:27:52","date_gmt":"2024-11-18T13:27:52","guid":{"rendered":"https:\/\/www.test.nifstone.com\/?post_type=product&#038;p=1060"},"modified":"2025-11-03T15:34:15","modified_gmt":"2025-11-03T12:34:15","slug":"basalt-tumbled","status":"publish","type":"product","link":"https:\/\/katlanstein.de\/tr\/product\/basalt-tumbled\/","title":{"rendered":"Basalt Tumbled"},"content":{"rendered":"<p>Basalt Tumbled Ta\u015f\u0131, do\u011fal olarak olu\u015fan ve volkanik k\u00f6kenli bir ta\u015f olan bazalt kayalar\u0131ndan yap\u0131lan bir dekoratif malzemedir. Tumbled i\u015flemi, ta\u015flar\u0131n y\u00fczeylerindeki keskin kenarlar\u0131 ve k\u00f6\u015feleri oval hale getirir ve daha yumu\u015fak bir his verir. Bu ta\u015flar\u0131n rengi genellikle koyu gri veya siyahd\u0131r, bazalt\u0131n i\u00e7indeki minerallerden dolay\u0131 mavi veya ye\u015fil tonlar da i\u00e7erebilir. Basalt Tumbled Ta\u015f\u0131, dayan\u0131kl\u0131 ve \u00e7izilmeye kar\u015f\u0131 diren\u00e7lidir. Bu \u00f6zellikleri sayesinde \u00f6zellikle y\u00fcr\u00fcy\u00fc\u015f yollar\u0131, patikalar, bah\u00e7e s\u0131n\u0131rlar\u0131, dekoratif duvarlar ve su \u00f6zellikleri i\u00e7in ideal bir malzemedir. Ayr\u0131ca, do\u011fal g\u00f6r\u00fcn\u00fcm\u00fc ve modern esteti\u011fiyle peyzaj tasar\u0131mlar\u0131na farkl\u0131 bir boyut kazand\u0131r\u0131r.<\/p>\n","protected":false},"excerpt":{"rendered":"<p>Basalt Tumbled Ta\u015f\u0131, do\u011fal olarak olu\u015fan ve volkanik k\u00f6kenli bir ta\u015f olan bazalt kayalar\u0131ndan yap\u0131lan bir dekoratif malzemedir. Tumbled i\u015flemi, ta\u015flar\u0131n y\u00fczeylerindeki keskin kenarlar\u0131 ve k\u00f6\u015feleri oval hale getirir ve daha yumu\u015fak bir his verir. Bu ta\u015flar\u0131n rengi genellikle koyu gri veya siyahd\u0131r, bazalt\u0131n i\u00e7indeki minerallerden dolay\u0131 mavi veya ye\u015fil tonlar da i\u00e7erebilir. Basalt Tumbled [&hellip;]<\/p>\n","protected":false},"featured_media":1061,"template":"","product_category":[8],"class_list":["post-1060","product","type-product","status-publish","has-post-thumbnail","hentry","product_category-natursteine"],"_links":{"self":[{"href":"https:\/\/katlanstein.de\/tr\/wp-json\/wp\/v2\/product\/1060","targetHints":{"allow":["GET"]}}],"collection":[{"href":"https:\/\/katlanstein.de\/tr\/wp-json\/wp\/v2\/product"}],"about":[{"href":"https:\/\/katlanstein.de\/tr\/wp-json\/wp\/v2\/types\/product"}],"version-history":[{"count":4,"href":"https:\/\/katlanstein.de\/tr\/wp-json\/wp\/v2\/product\/1060\/revisions"}],"predecessor-version":[{"id":2883,"href":"https:\/\/katlanstein.de\/tr\/wp-json\/wp\/v2\/product\/1060\/revisions\/2883"}],"wp:featuredmedia":[{"embeddable":true,"href":"https:\/\/katlanstein.de\/tr\/wp-json\/wp\/v2\/media\/1061"}],"wp:attachment":[{"href":"https:\/\/katlanstein.de\/tr\/wp-json\/wp\/v2\/media?parent=1060"}],"wp:term":[{"taxonomy":"product_category","embeddable":true,"href":"https:\/\/katlanstein.de\/tr\/wp-json\/wp\/v2\/product_category?post=1060"}],"curies":[{"name":"wp","href":"https:\/\/api.w.org\/{rel}","templated":true}]}}