{"id":1033,"date":"2024-11-18T12:26:20","date_gmt":"2024-11-18T12:26:20","guid":{"rendered":"https:\/\/www.test.nifstone.com\/?post_type=product&#038;p=1033"},"modified":"2025-11-03T15:34:41","modified_gmt":"2025-11-03T12:34:41","slug":"regenbogenfarben","status":"publish","type":"product","link":"https:\/\/katlanstein.de\/tr\/product\/regenbogenfarben\/","title":{"rendered":"Regenbogenfarben"},"content":{"rendered":"<p>Rainbow Tumbled Stone ist ein Dekorationsmaterial aus getrommelten (ovalen) Natursteinen. Diese Steine \u200b\u200bbestehen typischerweise aus farbigem Kalkstein, Granit, Quarzit oder Naturgesteinen wie Basalt. Durch das Trommeln werden die scharfen Kanten und Ecken der Steinoberfl\u00e4che abgerundet, wodurch eine weichere Haptik entsteht. Neben ihren nat\u00fcrlichen Farbt\u00f6nen k\u00f6nnen diese Steine \u200b\u200bmit k\u00fcnstlichen Farbstoffen veredelt werden, wodurch ein breites Farbspektrum entsteht. Rainbow Tumbled Stone ist witterungsbest\u00e4ndig, rutschfest auch bei feuchtem Wetter und langlebig.<\/p>\n","protected":false},"excerpt":{"rendered":"<p>Rainbow Tumbled Stone ist ein Dekorationsmaterial aus getrommelten (ovalen) Natursteinen. Diese Steine \u200b\u200bbestehen typischerweise aus farbigem Kalkstein, Granit, Quarzit oder Naturgesteinen wie Basalt. Durch das Trommeln werden die scharfen Kanten und Ecken der Steinoberfl\u00e4che abgerundet, wodurch eine weichere Haptik entsteht. Neben ihren nat\u00fcrlichen Farbt\u00f6nen k\u00f6nnen diese Steine \u200b\u200bmit k\u00fcnstlichen Farbstoffen veredelt werden, wodurch ein breites [&hellip;]<\/p>\n","protected":false},"featured_media":1038,"template":"","product_category":[8],"class_list":["post-1033","product","type-product","status-publish","has-post-thumbnail","hentry","product_category-natursteine"],"_links":{"self":[{"href":"https:\/\/katlanstein.de\/tr\/wp-json\/wp\/v2\/product\/1033","targetHints":{"allow":["GET"]}}],"collection":[{"href":"https:\/\/katlanstein.de\/tr\/wp-json\/wp\/v2\/product"}],"about":[{"href":"https:\/\/katlanstein.de\/tr\/wp-json\/wp\/v2\/types\/product"}],"version-history":[{"count":3,"href":"https:\/\/katlanstein.de\/tr\/wp-json\/wp\/v2\/product\/1033\/revisions"}],"predecessor-version":[{"id":2886,"href":"https:\/\/katlanstein.de\/tr\/wp-json\/wp\/v2\/product\/1033\/revisions\/2886"}],"wp:featuredmedia":[{"embeddable":true,"href":"https:\/\/katlanstein.de\/tr\/wp-json\/wp\/v2\/media\/1038"}],"wp:attachment":[{"href":"https:\/\/katlanstein.de\/tr\/wp-json\/wp\/v2\/media?parent=1033"}],"wp:term":[{"taxonomy":"product_category","embeddable":true,"href":"https:\/\/katlanstein.de\/tr\/wp-json\/wp\/v2\/product_category?post=1033"}],"curies":[{"name":"wp","href":"https:\/\/api.w.org\/{rel}","templated":true}]}}