{"id":1018,"date":"2024-11-18T12:10:14","date_gmt":"2024-11-18T12:10:14","guid":{"rendered":"https:\/\/www.test.nifstone.com\/?post_type=product&#038;p=1018"},"modified":"2025-11-03T15:34:51","modified_gmt":"2025-11-03T12:34:51","slug":"green-angel-2","status":"publish","type":"product","link":"https:\/\/katlanstein.de\/tr\/product\/green-angel-2\/","title":{"rendered":"Green Angel"},"content":{"rendered":"<p>&#8220;Green Angel Stone&#8221; terimi\u00a0farkl\u0131 malzemeleri ifade edebilir, ancak genellikle ye\u015fil renkli bir kalsedon ta\u015f\u0131 t\u00fcr\u00fcn\u00fc ifade eder. Bu ta\u015f, genellikle yar\u0131 saydam veya opak bir yap\u0131ya sahiptir ve do\u011fal olarak renkli desenlere sahiptir. Green Angel ta\u015f\u0131, dekoratif ama\u00e7lar i\u00e7in kullan\u0131l\u0131r ve \u00f6zellikle bah\u00e7e ve peyzaj tasar\u0131m\u0131nda pop\u00fclerdir. Sert ve dayan\u0131kl\u0131 olan bu ta\u015f, i\u00e7 ve d\u0131\u015f mekanlarda kullan\u0131labilir. Estetik de\u011feri y\u00fcksek olan Green Angel ta\u015f\u0131, bah\u00e7e yollar\u0131, \u00e7im kenarlar\u0131, bitki s\u0131n\u0131rlar\u0131 ve di\u011fer dekoratif yap\u0131lar i\u00e7in ideal bir malzemedir. Ayr\u0131ca, bu ta\u015f\u0131n enerji ta\u015f\u0131 olarak kullan\u0131ld\u0131\u011f\u0131na inananlar da vard\u0131r.<\/p>\n","protected":false},"excerpt":{"rendered":"<p>&#8220;Green Angel Stone&#8221; terimi\u00a0farkl\u0131 malzemeleri ifade edebilir, ancak genellikle ye\u015fil renkli bir kalsedon ta\u015f\u0131 t\u00fcr\u00fcn\u00fc ifade eder. Bu ta\u015f, genellikle yar\u0131 saydam veya opak bir yap\u0131ya sahiptir ve do\u011fal olarak renkli desenlere sahiptir. Green Angel ta\u015f\u0131, dekoratif ama\u00e7lar i\u00e7in kullan\u0131l\u0131r ve \u00f6zellikle bah\u00e7e ve peyzaj tasar\u0131m\u0131nda pop\u00fclerdir. Sert ve dayan\u0131kl\u0131 olan bu ta\u015f, i\u00e7 ve [&hellip;]<\/p>\n","protected":false},"featured_media":1025,"template":"","product_category":[8],"class_list":["post-1018","product","type-product","status-publish","has-post-thumbnail","hentry","product_category-natursteine"],"_links":{"self":[{"href":"https:\/\/katlanstein.de\/tr\/wp-json\/wp\/v2\/product\/1018","targetHints":{"allow":["GET"]}}],"collection":[{"href":"https:\/\/katlanstein.de\/tr\/wp-json\/wp\/v2\/product"}],"about":[{"href":"https:\/\/katlanstein.de\/tr\/wp-json\/wp\/v2\/types\/product"}],"version-history":[{"count":3,"href":"https:\/\/katlanstein.de\/tr\/wp-json\/wp\/v2\/product\/1018\/revisions"}],"predecessor-version":[{"id":2889,"href":"https:\/\/katlanstein.de\/tr\/wp-json\/wp\/v2\/product\/1018\/revisions\/2889"}],"wp:featuredmedia":[{"embeddable":true,"href":"https:\/\/katlanstein.de\/tr\/wp-json\/wp\/v2\/media\/1025"}],"wp:attachment":[{"href":"https:\/\/katlanstein.de\/tr\/wp-json\/wp\/v2\/media?parent=1018"}],"wp:term":[{"taxonomy":"product_category","embeddable":true,"href":"https:\/\/katlanstein.de\/tr\/wp-json\/wp\/v2\/product_category?post=1018"}],"curies":[{"name":"wp","href":"https:\/\/api.w.org\/{rel}","templated":true}]}}