{"id":2782,"date":"2025-10-31T12:51:07","date_gmt":"2025-10-31T09:51:07","guid":{"rendered":"https:\/\/katlanstein.de\/hakkimizda\/"},"modified":"2025-11-03T12:22:45","modified_gmt":"2025-11-03T09:22:45","slug":"hakkimizda","status":"publish","type":"page","link":"https:\/\/katlanstein.de\/tr\/kurumsal\/hakkimizda\/","title":{"rendered":"Hakk\u0131m\u0131zda"},"content":{"rendered":"<p>Katlanstein, do\u011fal ta\u015f ve hammadde sekt\u00f6r\u00fcnde k\u00f6kl\u00fc bir \u015firket olan Ayd\u0131nlar Madencilik&#8217;in Avrupa temsilcisidir.<\/p>\n<p>Ayd\u0131nlar Madencilik, 1993 y\u0131l\u0131nda kurulmu\u015f olup, \u00fcretim tesislerini \u0130zmir-Ankara karayoluna 35 kilometre mesafede bulunan 1.500.000 metrekarelik \u015firkete ait bir tesiste i\u015fletmektedir. \u0130n\u015faat kumu, end\u00fcstriyel kum, peyzaj \u00fcr\u00fcnleri ve organik malzemeler alanlar\u0131nda faaliyet g\u00f6steren \u015firket, kalite, g\u00fcvenilirlik ve s\u00fcrd\u00fcr\u00fclebilirlik anlay\u0131\u015f\u0131yla sekt\u00f6rde sa\u011flam bir yer edinmi\u015ftir.<\/p>\n<p>Bu g\u00fc\u00e7l\u00fc \u00fcretim altyap\u0131s\u0131na dayanarak, T\u00fcrkiye&#8217;den y\u00fcksek kaliteli do\u011fal ta\u015f\u0131 d\u00fcnya \u00e7ap\u0131nda rafine etmek ve da\u011f\u0131tmak amac\u0131yla Nifstone markas\u0131 yarat\u0131lm\u0131\u015ft\u0131r. Amac\u0131, esteti\u011fi dayan\u0131kl\u0131l\u0131kla birle\u015ftirmektir.<\/p>\n<p>Avrupa merkezimiz, 1.200 metrekarelik depo ve ofis alan\u0131m\u0131zla Mannheim&#8217;da (68309) bulunmaktad\u0131r. Katlanstein platformuyla, Avrupal\u0131 \u200b\u200bm\u00fc\u015fterilerimize h\u0131zl\u0131 lojistik, geni\u015f bir \u00fcr\u00fcn yelpazesi ve ki\u015fiselle\u015ftirilmi\u015f yerel hizmet sunuyoruz.<\/p>\n<p>Katlanstein, T\u00fcrk \u00fcretim g\u00fcc\u00fcn\u00fc uluslararas\u0131 kalite standartlar\u0131yla birle\u015ftirerek do\u011fan\u0131n g\u00fczelli\u011fini ve g\u00fcc\u00fcn\u00fc g\u00fcn\u00fcm\u00fcz mimarisine ta\u015f\u0131yor.<\/p>\n<p>Katlanstein \u2013 Do\u011fadan ilham ald\u0131, d\u00fcnya i\u00e7in yarat\u0131ld\u0131.<\/p>\n","protected":false},"excerpt":{"rendered":"<p>Katlanstein, do\u011fal ta\u015f ve hammadde sekt\u00f6r\u00fcnde k\u00f6kl\u00fc bir \u015firket olan Ayd\u0131nlar Madencilik&#8217;in Avrupa temsilcisidir. Ayd\u0131nlar Madencilik, 1993 y\u0131l\u0131nda kurulmu\u015f olup, \u00fcretim tesislerini \u0130zmir-Ankara karayoluna 35 kilometre mesafede bulunan 1.500.000 metrekarelik \u015firkete ait bir tesiste i\u015fletmektedir. \u0130n\u015faat kumu, end\u00fcstriyel kum, peyzaj \u00fcr\u00fcnleri ve organik malzemeler alanlar\u0131nda faaliyet g\u00f6steren \u015firket, kalite, g\u00fcvenilirlik ve s\u00fcrd\u00fcr\u00fclebilirlik anlay\u0131\u015f\u0131yla sekt\u00f6rde sa\u011flam [&#8230;]<\/p>\n","protected":false},"author":5,"featured_media":964,"parent":2781,"menu_order":0,"comment_status":"closed","ping_status":"closed","template":"","meta":{"footnotes":""},"class_list":["post-2782","page","type-page","status-publish","has-post-thumbnail","hentry"],"_hostinger_reach_plugin_has_subscription_block":false,"_hostinger_reach_plugin_is_elementor":false,"_links":{"self":[{"href":"https:\/\/katlanstein.de\/tr\/wp-json\/wp\/v2\/pages\/2782","targetHints":{"allow":["GET"]}}],"collection":[{"href":"https:\/\/katlanstein.de\/tr\/wp-json\/wp\/v2\/pages"}],"about":[{"href":"https:\/\/katlanstein.de\/tr\/wp-json\/wp\/v2\/types\/page"}],"author":[{"embeddable":true,"href":"https:\/\/katlanstein.de\/tr\/wp-json\/wp\/v2\/users\/5"}],"replies":[{"embeddable":true,"href":"https:\/\/katlanstein.de\/tr\/wp-json\/wp\/v2\/comments?post=2782"}],"version-history":[{"count":1,"href":"https:\/\/katlanstein.de\/tr\/wp-json\/wp\/v2\/pages\/2782\/revisions"}],"predecessor-version":[{"id":2829,"href":"https:\/\/katlanstein.de\/tr\/wp-json\/wp\/v2\/pages\/2782\/revisions\/2829"}],"up":[{"embeddable":true,"href":"https:\/\/katlanstein.de\/tr\/wp-json\/wp\/v2\/pages\/2781"}],"wp:featuredmedia":[{"embeddable":true,"href":"https:\/\/katlanstein.de\/tr\/wp-json\/wp\/v2\/media\/964"}],"wp:attachment":[{"href":"https:\/\/katlanstein.de\/tr\/wp-json\/wp\/v2\/media?parent=2782"}],"curies":[{"name":"wp","href":"https:\/\/api.w.org\/{rel}","templated":true}]}}