{"id":468,"date":"2024-11-14T16:26:15","date_gmt":"2024-11-14T16:26:15","guid":{"rendered":"https:\/\/www.test.nifstone.com\/?post_type=product&#038;p=468"},"modified":"2025-11-03T15:34:59","modified_gmt":"2025-11-03T12:34:59","slug":"black-angel","status":"publish","type":"product","link":"https:\/\/katlanstein.de\/en\/product\/black-angel\/","title":{"rendered":"Black Angel"},"content":{"rendered":"<p>&#8220;Black Angel Stone&#8221; terimi genellikle farkl\u0131 malzemeleri ifade edebilir, ancak genellikle &#8220;Sierra Madre Black Angel Stone&#8221; ad\u0131 verilen siyah ve beyaz desenli bir kaya t\u00fcr\u00fcn\u00fc ifade eder. Bu kaya t\u00fcr\u00fc, siyah bazalt ve beyaz andezit ta\u015flar\u0131n\u0131n do\u011fal olarak birle\u015fmesiyle olu\u015fur. Genellikle dekoratif ama\u00e7lar i\u00e7in kullan\u0131l\u0131r ve \u00f6zellikle bah\u00e7e ve peyzaj tasar\u0131m\u0131nda pop\u00fclerdir. Black Angel ta\u015f\u0131, i\u00e7 ve d\u0131\u015f mekanlarda kullan\u0131labilir ve sert ve dayan\u0131kl\u0131d\u0131r. Estetik de\u011feri y\u00fcksek olan bu ta\u015f, bah\u00e7e yollar\u0131, duvarlar, havuz \u00e7evresi ve di\u011fer dekoratif yap\u0131lar i\u00e7in ideal bir malzemedir.<\/p>\n","protected":false},"excerpt":{"rendered":"<p>&#8220;Black Angel Stone&#8221; terimi genellikle farkl\u0131 malzemeleri ifade edebilir, ancak genellikle &#8220;Sierra Madre Black Angel Stone&#8221; ad\u0131 verilen siyah ve beyaz desenli bir kaya t\u00fcr\u00fcn\u00fc ifade eder. Bu kaya t\u00fcr\u00fc, siyah bazalt ve beyaz andezit ta\u015flar\u0131n\u0131n do\u011fal olarak birle\u015fmesiyle olu\u015fur. Genellikle dekoratif ama\u00e7lar i\u00e7in kullan\u0131l\u0131r ve \u00f6zellikle bah\u00e7e ve peyzaj tasar\u0131m\u0131nda pop\u00fclerdir. Black Angel ta\u015f\u0131, [&hellip;]<\/p>\n","protected":false},"featured_media":481,"template":"","product_category":[8],"class_list":["post-468","product","type-product","status-publish","has-post-thumbnail","hentry","product_category-natursteine"],"_links":{"self":[{"href":"https:\/\/katlanstein.de\/en\/wp-json\/wp\/v2\/product\/468","targetHints":{"allow":["GET"]}}],"collection":[{"href":"https:\/\/katlanstein.de\/en\/wp-json\/wp\/v2\/product"}],"about":[{"href":"https:\/\/katlanstein.de\/en\/wp-json\/wp\/v2\/types\/product"}],"version-history":[{"count":5,"href":"https:\/\/katlanstein.de\/en\/wp-json\/wp\/v2\/product\/468\/revisions"}],"predecessor-version":[{"id":2890,"href":"https:\/\/katlanstein.de\/en\/wp-json\/wp\/v2\/product\/468\/revisions\/2890"}],"wp:featuredmedia":[{"embeddable":true,"href":"https:\/\/katlanstein.de\/en\/wp-json\/wp\/v2\/media\/481"}],"wp:attachment":[{"href":"https:\/\/katlanstein.de\/en\/wp-json\/wp\/v2\/media?parent=468"}],"wp:term":[{"taxonomy":"product_category","embeddable":true,"href":"https:\/\/katlanstein.de\/en\/wp-json\/wp\/v2\/product_category?post=468"}],"curies":[{"name":"wp","href":"https:\/\/api.w.org\/{rel}","templated":true}]}}