{"id":2155,"date":"2025-10-21T09:37:17","date_gmt":"2025-10-21T06:37:17","guid":{"rendered":"https:\/\/katlanstein.de\/?post_type=product&#038;p=2155"},"modified":"2025-11-03T15:24:30","modified_gmt":"2025-11-03T12:24:30","slug":"dere-cakili-dogal-dalaman-miciri","status":"publish","type":"product","link":"https:\/\/katlanstein.de\/en\/product\/dere-cakili-dogal-dalaman-miciri\/","title":{"rendered":"Dere \u00c7ak\u0131l\u0131 (Do\u011fal Dalaman M\u0131c\u0131r\u0131)"},"content":{"rendered":"<p><strong>\u0130\u00e7erik:\u00a0<\/strong>Toros da\u011flar\u0131n\u0131n \u00e7aylar\u0131nda olu\u015fmu\u015f do\u011fal m\u0131c\u0131rd\u0131r.<strong>\u00a0\u00a0\u00a0\u00a0\u00a0\u00a0\u00a0\u00a0\u00a0\u00a0<\/strong><\/p>\n<p><strong>\u00dcr\u00fcn \u00d6l\u00e7\u00fcs\u00fc:\u00a0<\/strong>3-5mm, 5-10 mm, 10-15 mm, 15-30 mm, 25-60 mm ebatlar\u0131nda \u00fcretilmektedir.<\/p>\n<p><strong>Kullan\u0131m Alan\u0131:\u00a0<\/strong>Peyzaj uygulamalar\u0131nda, s\u00fcsleme ama\u00e7l\u0131 kullan\u0131l\u0131r.<\/p>\n<p><strong>Kullan\u0131m \u015eekli:\u00a0<\/strong>\u0130htiya\u00e7 kadar kullan\u0131labilir.<\/p>\n<p><strong>Ambalaj:\u00a0<\/strong>20\u00a0kg bigbag ve d\u00f6kme.<\/p>\n","protected":false},"excerpt":{"rendered":"<p>\u0130\u00e7erik:\u00a0Toros da\u011flar\u0131n\u0131n \u00e7aylar\u0131nda olu\u015fmu\u015f do\u011fal m\u0131c\u0131rd\u0131r.\u00a0\u00a0\u00a0\u00a0\u00a0\u00a0\u00a0\u00a0\u00a0\u00a0 \u00dcr\u00fcn \u00d6l\u00e7\u00fcs\u00fc:\u00a03-5mm, 5-10 mm, 10-15 mm, 15-30 mm, 25-60 mm ebatlar\u0131nda \u00fcretilmektedir. Kullan\u0131m Alan\u0131:\u00a0Peyzaj uygulamalar\u0131nda, s\u00fcsleme ama\u00e7l\u0131 kullan\u0131l\u0131r. Kullan\u0131m \u015eekli:\u00a0\u0130htiya\u00e7 kadar kullan\u0131labilir. Ambalaj:\u00a020\u00a0kg bigbag ve d\u00f6kme.<\/p>\n","protected":false},"featured_media":2156,"template":"","product_category":[8],"class_list":["post-2155","product","type-product","status-publish","has-post-thumbnail","hentry","product_category-natursteine"],"_links":{"self":[{"href":"https:\/\/katlanstein.de\/en\/wp-json\/wp\/v2\/product\/2155","targetHints":{"allow":["GET"]}}],"collection":[{"href":"https:\/\/katlanstein.de\/en\/wp-json\/wp\/v2\/product"}],"about":[{"href":"https:\/\/katlanstein.de\/en\/wp-json\/wp\/v2\/types\/product"}],"version-history":[{"count":3,"href":"https:\/\/katlanstein.de\/en\/wp-json\/wp\/v2\/product\/2155\/revisions"}],"predecessor-version":[{"id":2873,"href":"https:\/\/katlanstein.de\/en\/wp-json\/wp\/v2\/product\/2155\/revisions\/2873"}],"wp:featuredmedia":[{"embeddable":true,"href":"https:\/\/katlanstein.de\/en\/wp-json\/wp\/v2\/media\/2156"}],"wp:attachment":[{"href":"https:\/\/katlanstein.de\/en\/wp-json\/wp\/v2\/media?parent=2155"}],"wp:term":[{"taxonomy":"product_category","embeddable":true,"href":"https:\/\/katlanstein.de\/en\/wp-json\/wp\/v2\/product_category?post=2155"}],"curies":[{"name":"wp","href":"https:\/\/api.w.org\/{rel}","templated":true}]}}