{"id":1130,"date":"2025-10-26T00:25:38","date_gmt":"2025-10-25T21:25:38","guid":{"rendered":"https:\/\/www.test.nifstone.com\/?post_type=product&#038;p=1130"},"modified":"2025-11-03T15:23:34","modified_gmt":"2025-11-03T12:23:34","slug":"bordo","status":"publish","type":"product","link":"https:\/\/katlanstein.de\/en\/product\/bordo\/","title":{"rendered":"Bordo"},"content":{"rendered":"<p>Bordo Agrega, zarif bordo tonlar\u0131yla d\u0131\u015f mekan dekorasyonu ve zemin kaplamalar\u0131nda \u015f\u0131k bir tercihtir. Dayan\u0131kl\u0131 ve estetik yap\u0131s\u0131, uzun \u00f6m\u00fcrl\u00fc kullan\u0131m sunar.<\/p>\n","protected":false},"excerpt":{"rendered":"<p>Bordo Agrega, zarif bordo tonlar\u0131yla d\u0131\u015f mekan dekorasyonu ve zemin kaplamalar\u0131nda \u015f\u0131k bir tercihtir. Dayan\u0131kl\u0131 ve estetik yap\u0131s\u0131, uzun \u00f6m\u00fcrl\u00fc kullan\u0131m sunar.<\/p>\n","protected":false},"featured_media":1131,"template":"","product_category":[9],"class_list":["post-1130","product","type-product","status-publish","has-post-thumbnail","hentry","product_category-aggregat"],"_links":{"self":[{"href":"https:\/\/katlanstein.de\/en\/wp-json\/wp\/v2\/product\/1130","targetHints":{"allow":["GET"]}}],"collection":[{"href":"https:\/\/katlanstein.de\/en\/wp-json\/wp\/v2\/product"}],"about":[{"href":"https:\/\/katlanstein.de\/en\/wp-json\/wp\/v2\/types\/product"}],"version-history":[{"count":4,"href":"https:\/\/katlanstein.de\/en\/wp-json\/wp\/v2\/product\/1130\/revisions"}],"predecessor-version":[{"id":2866,"href":"https:\/\/katlanstein.de\/en\/wp-json\/wp\/v2\/product\/1130\/revisions\/2866"}],"wp:featuredmedia":[{"embeddable":true,"href":"https:\/\/katlanstein.de\/en\/wp-json\/wp\/v2\/media\/1131"}],"wp:attachment":[{"href":"https:\/\/katlanstein.de\/en\/wp-json\/wp\/v2\/media?parent=1130"}],"wp:term":[{"taxonomy":"product_category","embeddable":true,"href":"https:\/\/katlanstein.de\/en\/wp-json\/wp\/v2\/product_category?post=1130"}],"curies":[{"name":"wp","href":"https:\/\/api.w.org\/{rel}","templated":true}]}}