{"id":1124,"date":"2024-11-18T14:27:55","date_gmt":"2024-11-18T14:27:55","guid":{"rendered":"https:\/\/www.test.nifstone.com\/?post_type=product&#038;p=1124"},"modified":"2025-11-03T15:28:39","modified_gmt":"2025-11-03T12:28:39","slug":"granit","status":"publish","type":"product","link":"https:\/\/katlanstein.de\/en\/product\/granit\/","title":{"rendered":"Granit"},"content":{"rendered":"<p>Granit ta\u015flar\u0131, dayan\u0131kl\u0131l\u0131\u011f\u0131 ve do\u011fal g\u00f6r\u00fcn\u00fcm\u00fcyle projelerinize kalite ve estetik katmak i\u00e7in m\u00fckemmel bir tercihtir. Hem dekoratif hem de yap\u0131 projelerinde g\u00fcvenle kullan\u0131labilecek olan granit ta\u015f\u0131, sa\u011flam yap\u0131s\u0131yla uzun \u00f6m\u00fcrl\u00fc sonu\u00e7lar sunar.<\/p>\n","protected":false},"excerpt":{"rendered":"<p>Granit ta\u015flar\u0131, dayan\u0131kl\u0131l\u0131\u011f\u0131 ve do\u011fal g\u00f6r\u00fcn\u00fcm\u00fcyle projelerinize kalite ve estetik katmak i\u00e7in m\u00fckemmel bir tercihtir. Hem dekoratif hem de yap\u0131 projelerinde g\u00fcvenle kullan\u0131labilecek olan granit ta\u015f\u0131, sa\u011flam yap\u0131s\u0131yla uzun \u00f6m\u00fcrl\u00fc sonu\u00e7lar sunar.<\/p>\n","protected":false},"featured_media":1125,"template":"","product_category":[8],"class_list":["post-1124","product","type-product","status-publish","has-post-thumbnail","hentry","product_category-natursteine"],"_links":{"self":[{"href":"https:\/\/katlanstein.de\/en\/wp-json\/wp\/v2\/product\/1124","targetHints":{"allow":["GET"]}}],"collection":[{"href":"https:\/\/katlanstein.de\/en\/wp-json\/wp\/v2\/product"}],"about":[{"href":"https:\/\/katlanstein.de\/en\/wp-json\/wp\/v2\/types\/product"}],"version-history":[{"count":3,"href":"https:\/\/katlanstein.de\/en\/wp-json\/wp\/v2\/product\/1124\/revisions"}],"predecessor-version":[{"id":2877,"href":"https:\/\/katlanstein.de\/en\/wp-json\/wp\/v2\/product\/1124\/revisions\/2877"}],"wp:featuredmedia":[{"embeddable":true,"href":"https:\/\/katlanstein.de\/en\/wp-json\/wp\/v2\/media\/1125"}],"wp:attachment":[{"href":"https:\/\/katlanstein.de\/en\/wp-json\/wp\/v2\/media?parent=1124"}],"wp:term":[{"taxonomy":"product_category","embeddable":true,"href":"https:\/\/katlanstein.de\/en\/wp-json\/wp\/v2\/product_category?post=1124"}],"curies":[{"name":"wp","href":"https:\/\/api.w.org\/{rel}","templated":true}]}}