{"id":1118,"date":"2025-10-26T00:25:38","date_gmt":"2025-10-25T21:25:38","guid":{"rendered":"https:\/\/www.test.nifstone.com\/?post_type=product&#038;p=1118"},"modified":"2025-11-03T15:23:13","modified_gmt":"2025-11-03T12:23:13","slug":"bej","status":"publish","type":"product","link":"https:\/\/katlanstein.de\/en\/product\/bej\/","title":{"rendered":"Bej"},"content":{"rendered":"<p>Do\u011fal bir zarafete sahip bej ta\u015flar\u0131, projelerinizde sofistike bir dokunu\u015f katmak i\u00e7in m\u00fckemmel bir se\u00e7enektir. Farkl\u0131 boyutlarda sunulan bu ta\u015flar, dekoratif peyzaj d\u00fczenlemelerinden in\u015faat projelerine kadar geni\u015f bir kullan\u0131m yelpazesi sunar.<\/p>\n","protected":false},"excerpt":{"rendered":"<p>Do\u011fal bir zarafete sahip bej ta\u015flar\u0131, projelerinizde sofistike bir dokunu\u015f katmak i\u00e7in m\u00fckemmel bir se\u00e7enektir. Farkl\u0131 boyutlarda sunulan bu ta\u015flar, dekoratif peyzaj d\u00fczenlemelerinden in\u015faat projelerine kadar geni\u015f bir kullan\u0131m yelpazesi sunar.<\/p>\n","protected":false},"featured_media":1119,"template":"","product_category":[9],"class_list":["post-1118","product","type-product","status-publish","has-post-thumbnail","hentry","product_category-aggregat"],"_links":{"self":[{"href":"https:\/\/katlanstein.de\/en\/wp-json\/wp\/v2\/product\/1118","targetHints":{"allow":["GET"]}}],"collection":[{"href":"https:\/\/katlanstein.de\/en\/wp-json\/wp\/v2\/product"}],"about":[{"href":"https:\/\/katlanstein.de\/en\/wp-json\/wp\/v2\/types\/product"}],"version-history":[{"count":4,"href":"https:\/\/katlanstein.de\/en\/wp-json\/wp\/v2\/product\/1118\/revisions"}],"predecessor-version":[{"id":2864,"href":"https:\/\/katlanstein.de\/en\/wp-json\/wp\/v2\/product\/1118\/revisions\/2864"}],"wp:featuredmedia":[{"embeddable":true,"href":"https:\/\/katlanstein.de\/en\/wp-json\/wp\/v2\/media\/1119"}],"wp:attachment":[{"href":"https:\/\/katlanstein.de\/en\/wp-json\/wp\/v2\/media?parent=1118"}],"wp:term":[{"taxonomy":"product_category","embeddable":true,"href":"https:\/\/katlanstein.de\/en\/wp-json\/wp\/v2\/product_category?post=1118"}],"curies":[{"name":"wp","href":"https:\/\/api.w.org\/{rel}","templated":true}]}}