{"id":1095,"date":"2024-11-18T13:57:56","date_gmt":"2024-11-18T13:57:56","guid":{"rendered":"https:\/\/www.test.nifstone.com\/?post_type=product&#038;p=1095"},"modified":"2025-11-03T15:31:45","modified_gmt":"2025-11-03T12:31:45","slug":"spaghetti","status":"publish","type":"product","link":"https:\/\/katlanstein.de\/en\/product\/spaghetti\/","title":{"rendered":"Spaghetti"},"content":{"rendered":"<p>Spaghetti ta\u015f\u0131, ince ve uzun mineral i\u011fnelerinin d\u00fczensiz bir \u015fekilde birle\u015fti\u011fi bir volkanik kaya t\u00fcr\u00fcd\u00fcr. Bu mineral i\u011fneleri, \u00f6zellikle feldispat, piroksen ve kuvars mineralleri olmak \u00fczere, \u00e7e\u015fitli mineralojik bile\u015fenlerden olu\u015fur. Spaghetti ta\u015f\u0131, volkanik \u00e7atlaklar\u0131n veya di\u011fer y\u00fczey k\u0131r\u0131lmalar\u0131n\u0131n doldurulmas\u0131yla olu\u015fur.<\/p>\n<p>Spaghetti ta\u015f\u0131, g\u00f6rsel a\u00e7\u0131dan \u00e7ekici ve nadir bulunan bir ta\u015f t\u00fcr\u00fcd\u00fcr. \u00c7ok y\u00f6nl\u00fc bir malzemedir ve dekoratif ama\u00e7lar i\u00e7in kullan\u0131l\u0131r. Genellikle s\u00fcs ta\u015f\u0131, duvar kaplamas\u0131, d\u00f6\u015feme ve dekoratif objeler yapmak i\u00e7in kullan\u0131l\u0131r.<\/p>\n<p>Spaghetti ta\u015f\u0131, sert ve dayan\u0131kl\u0131 bir malzemedir. Ancak, mineral i\u011fnelerinin narin yap\u0131s\u0131 nedeniyle, ta\u015f k\u0131r\u0131lgan olabilir. Bu nedenle, i\u015flenmesi zor olabilir ve dikkatle ele al\u0131nmas\u0131 gerekebilir.<\/p>\n","protected":false},"excerpt":{"rendered":"<p>Spaghetti ta\u015f\u0131, ince ve uzun mineral i\u011fnelerinin d\u00fczensiz bir \u015fekilde birle\u015fti\u011fi bir volkanik kaya t\u00fcr\u00fcd\u00fcr. Bu mineral i\u011fneleri, \u00f6zellikle feldispat, piroksen ve kuvars mineralleri olmak \u00fczere, \u00e7e\u015fitli mineralojik bile\u015fenlerden olu\u015fur. Spaghetti ta\u015f\u0131, volkanik \u00e7atlaklar\u0131n veya di\u011fer y\u00fczey k\u0131r\u0131lmalar\u0131n\u0131n doldurulmas\u0131yla olu\u015fur. Spaghetti ta\u015f\u0131, g\u00f6rsel a\u00e7\u0131dan \u00e7ekici ve nadir bulunan bir ta\u015f t\u00fcr\u00fcd\u00fcr. \u00c7ok y\u00f6nl\u00fc bir malzemedir [&hellip;]<\/p>\n","protected":false},"featured_media":1099,"template":"","product_category":[8],"class_list":["post-1095","product","type-product","status-publish","has-post-thumbnail","hentry","product_category-natursteine"],"_links":{"self":[{"href":"https:\/\/katlanstein.de\/en\/wp-json\/wp\/v2\/product\/1095","targetHints":{"allow":["GET"]}}],"collection":[{"href":"https:\/\/katlanstein.de\/en\/wp-json\/wp\/v2\/product"}],"about":[{"href":"https:\/\/katlanstein.de\/en\/wp-json\/wp\/v2\/types\/product"}],"version-history":[{"count":3,"href":"https:\/\/katlanstein.de\/en\/wp-json\/wp\/v2\/product\/1095\/revisions"}],"predecessor-version":[{"id":2888,"href":"https:\/\/katlanstein.de\/en\/wp-json\/wp\/v2\/product\/1095\/revisions\/2888"}],"wp:featuredmedia":[{"embeddable":true,"href":"https:\/\/katlanstein.de\/en\/wp-json\/wp\/v2\/media\/1099"}],"wp:attachment":[{"href":"https:\/\/katlanstein.de\/en\/wp-json\/wp\/v2\/media?parent=1095"}],"wp:term":[{"taxonomy":"product_category","embeddable":true,"href":"https:\/\/katlanstein.de\/en\/wp-json\/wp\/v2\/product_category?post=1095"}],"curies":[{"name":"wp","href":"https:\/\/api.w.org\/{rel}","templated":true}]}}