{"id":1078,"date":"2024-11-18T13:48:18","date_gmt":"2024-11-18T13:48:18","guid":{"rendered":"https:\/\/www.test.nifstone.com\/?post_type=product&#038;p=1078"},"modified":"2025-11-03T15:33:57","modified_gmt":"2025-11-03T12:33:57","slug":"red-stone-2","status":"publish","type":"product","link":"https:\/\/katlanstein.de\/en\/product\/red-stone-2\/","title":{"rendered":"Red Stone"},"content":{"rendered":"<p>Red Stone Ta\u015f\u0131, do\u011fal k\u0131rm\u0131z\u0131 kayalardan yap\u0131lan bir dekoratif malzemedir. Dayan\u0131kl\u0131 ve sert yap\u0131s\u0131, d\u0131\u015f mekan ko\u015fullar\u0131na uygunlu\u011fu ile bilinir. Tumbled i\u015flemi ile y\u00fczeyleri p\u00fcr\u00fczs\u00fcz hale getirilir ve estetik bir g\u00f6r\u00fcn\u00fcme sahip olur. Bah\u00e7e ve peyzaj tasar\u0131mlar\u0131nda kullan\u0131l\u0131r. Y\u00fcr\u00fcy\u00fc\u015f yollar\u0131, patikalar, bah\u00e7e s\u0131n\u0131rlar\u0131, \u00e7im s\u0131n\u0131rland\u0131rmalar\u0131 ve dekoratif duvarlar gibi alanlarda tercih edilir. Do\u011fal g\u00f6r\u00fcn\u00fcm\u00fc ve s\u0131cak tonlar\u0131 ile bir\u00e7ok peyzaj tasar\u0131m\u0131na uyum sa\u011flar.<\/p>\n","protected":false},"excerpt":{"rendered":"<p>Red Stone Ta\u015f\u0131, do\u011fal k\u0131rm\u0131z\u0131 kayalardan yap\u0131lan bir dekoratif malzemedir. Dayan\u0131kl\u0131 ve sert yap\u0131s\u0131, d\u0131\u015f mekan ko\u015fullar\u0131na uygunlu\u011fu ile bilinir. Tumbled i\u015flemi ile y\u00fczeyleri p\u00fcr\u00fczs\u00fcz hale getirilir ve estetik bir g\u00f6r\u00fcn\u00fcme sahip olur. Bah\u00e7e ve peyzaj tasar\u0131mlar\u0131nda kullan\u0131l\u0131r. Y\u00fcr\u00fcy\u00fc\u015f yollar\u0131, patikalar, bah\u00e7e s\u0131n\u0131rlar\u0131, \u00e7im s\u0131n\u0131rland\u0131rmalar\u0131 ve dekoratif duvarlar gibi alanlarda tercih edilir. Do\u011fal g\u00f6r\u00fcn\u00fcm\u00fc ve [&hellip;]<\/p>\n","protected":false},"featured_media":1081,"template":"","product_category":[8],"class_list":["post-1078","product","type-product","status-publish","has-post-thumbnail","hentry","product_category-natursteine"],"_links":{"self":[{"href":"https:\/\/katlanstein.de\/en\/wp-json\/wp\/v2\/product\/1078","targetHints":{"allow":["GET"]}}],"collection":[{"href":"https:\/\/katlanstein.de\/en\/wp-json\/wp\/v2\/product"}],"about":[{"href":"https:\/\/katlanstein.de\/en\/wp-json\/wp\/v2\/types\/product"}],"version-history":[{"count":3,"href":"https:\/\/katlanstein.de\/en\/wp-json\/wp\/v2\/product\/1078\/revisions"}],"predecessor-version":[{"id":2881,"href":"https:\/\/katlanstein.de\/en\/wp-json\/wp\/v2\/product\/1078\/revisions\/2881"}],"wp:featuredmedia":[{"embeddable":true,"href":"https:\/\/katlanstein.de\/en\/wp-json\/wp\/v2\/media\/1081"}],"wp:attachment":[{"href":"https:\/\/katlanstein.de\/en\/wp-json\/wp\/v2\/media?parent=1078"}],"wp:term":[{"taxonomy":"product_category","embeddable":true,"href":"https:\/\/katlanstein.de\/en\/wp-json\/wp\/v2\/product_category?post=1078"}],"curies":[{"name":"wp","href":"https:\/\/api.w.org\/{rel}","templated":true}]}}