{"id":1066,"date":"2024-11-18T13:37:31","date_gmt":"2024-11-18T13:37:31","guid":{"rendered":"https:\/\/www.test.nifstone.com\/?post_type=product&#038;p=1066"},"modified":"2025-10-31T12:12:32","modified_gmt":"2025-10-31T09:12:32","slug":"burgunder-struzzde","status":"publish","type":"product","link":"https:\/\/katlanstein.de\/en\/product\/burgunder-struzzde\/","title":{"rendered":"Burgunder Struzzde"},"content":{"rendered":"<p>Burgunderfarbener Trommelstein ist ein dekoratives Material aus nat\u00fcrlich vorkommendem Kalkstein in r\u00f6tlich-braunen Farbt\u00f6nen. Durch das Trommeln werden die scharfen Kanten und Ecken der Steinoberfl\u00e4che abgerundet, wodurch eine weichere Haptik entsteht. Burgunderfarbener Trommelstein ist ein beliebtes Material f\u00fcr die Garten- und Landschaftsgestaltung. Er eignet sich ideal f\u00fcr Wege, Pfade, Beeteinfassungen, Rasenkanten und Ziermauern. Burgunderfarbener Trommelstein ist robust und langlebig im Au\u00dfenbereich. Dar\u00fcber hinaus f\u00fcgt er sich mit seinem nat\u00fcrlichen Aussehen und den warmen Standards harmonisch in viele Landschaftsgestaltungen ein.<\/p>\n","protected":false},"excerpt":{"rendered":"<p>Burgunderfarbener Trommelstein ist ein dekoratives Material aus nat\u00fcrlich vorkommendem Kalkstein in r\u00f6tlich-braunen Farbt\u00f6nen. Durch das Trommeln werden die scharfen Kanten und Ecken der Steinoberfl\u00e4che abgerundet, wodurch eine weichere Haptik entsteht. Burgunderfarbener Trommelstein ist ein beliebtes Material f\u00fcr die Garten- und Landschaftsgestaltung. Er eignet sich ideal f\u00fcr Wege, Pfade, Beeteinfassungen, Rasenkanten und Ziermauern. Burgunderfarbener Trommelstein ist [&hellip;]<\/p>\n","protected":false},"featured_media":1070,"template":"","product_category":[8],"class_list":["post-1066","product","type-product","status-publish","has-post-thumbnail","hentry","product_category-natursteine"],"_links":{"self":[{"href":"https:\/\/katlanstein.de\/en\/wp-json\/wp\/v2\/product\/1066","targetHints":{"allow":["GET"]}}],"collection":[{"href":"https:\/\/katlanstein.de\/en\/wp-json\/wp\/v2\/product"}],"about":[{"href":"https:\/\/katlanstein.de\/en\/wp-json\/wp\/v2\/types\/product"}],"version-history":[{"count":3,"href":"https:\/\/katlanstein.de\/en\/wp-json\/wp\/v2\/product\/1066\/revisions"}],"predecessor-version":[{"id":2730,"href":"https:\/\/katlanstein.de\/en\/wp-json\/wp\/v2\/product\/1066\/revisions\/2730"}],"wp:featuredmedia":[{"embeddable":true,"href":"https:\/\/katlanstein.de\/en\/wp-json\/wp\/v2\/media\/1070"}],"wp:attachment":[{"href":"https:\/\/katlanstein.de\/en\/wp-json\/wp\/v2\/media?parent=1066"}],"wp:term":[{"taxonomy":"product_category","embeddable":true,"href":"https:\/\/katlanstein.de\/en\/wp-json\/wp\/v2\/product_category?post=1066"}],"curies":[{"name":"wp","href":"https:\/\/api.w.org\/{rel}","templated":true}]}}