{"id":1041,"date":"2024-11-18T12:34:51","date_gmt":"2024-11-18T12:34:51","guid":{"rendered":"https:\/\/www.test.nifstone.com\/?post_type=product&#038;p=1041"},"modified":"2025-11-03T15:34:32","modified_gmt":"2025-11-03T12:34:32","slug":"dolomite-tumbled","status":"publish","type":"product","link":"https:\/\/katlanstein.de\/en\/product\/dolomite-tumbled\/","title":{"rendered":"Dolomite Tumbled"},"content":{"rendered":"<p>Dolomite Tumbled Ta\u015f\u0131, dolomit minerallerinden yap\u0131lan bir dekoratif malzemedir. Dolomit, kalsit ve magnezyum minerallerinin birle\u015fmesinden olu\u015fan bir kaya t\u00fcr\u00fcd\u00fcr. Tumbled i\u015flemi, ta\u015flar\u0131n y\u00fczeylerindeki keskin kenarlar\u0131 ve k\u00f6\u015feleri oval hale getirir ve daha yumu\u015fak bir his verir. Bu ta\u015flar\u0131n renkleri beyaz, pembe, kahverengi veya gri tonlarda olabilir. Dolomite Tumbled Ta\u015f\u0131, dekoratif ama\u00e7lar i\u00e7in kullan\u0131l\u0131r ve \u00f6zellikle bah\u00e7e ve peyzaj tasar\u0131m\u0131nda pop\u00fclerdir. Bu ta\u015flar, \u00f6zellikle y\u00fcr\u00fcy\u00fc\u015f yollar\u0131, patikalar, bah\u00e7e s\u0131n\u0131rlar\u0131, bitki saks\u0131lar\u0131 ve di\u011fer dekoratif yap\u0131lar i\u00e7in ideal bir malzemedir. Ayr\u0131ca, Dolomite Tumbled Ta\u015f\u0131, d\u0131\u015f mekan ko\u015fullar\u0131na dayan\u0131kl\u0131d\u0131r, nemli havalarda kayganl\u0131k sorunu ya\u015fatmaz ve uzun \u00f6m\u00fcrl\u00fcd\u00fcr.<\/p>\n","protected":false},"excerpt":{"rendered":"<p>Dolomite Tumbled Ta\u015f\u0131, dolomit minerallerinden yap\u0131lan bir dekoratif malzemedir. Dolomit, kalsit ve magnezyum minerallerinin birle\u015fmesinden olu\u015fan bir kaya t\u00fcr\u00fcd\u00fcr. Tumbled i\u015flemi, ta\u015flar\u0131n y\u00fczeylerindeki keskin kenarlar\u0131 ve k\u00f6\u015feleri oval hale getirir ve daha yumu\u015fak bir his verir. Bu ta\u015flar\u0131n renkleri beyaz, pembe, kahverengi veya gri tonlarda olabilir. Dolomite Tumbled Ta\u015f\u0131, dekoratif ama\u00e7lar i\u00e7in kullan\u0131l\u0131r ve \u00f6zellikle [&hellip;]<\/p>\n","protected":false},"featured_media":1045,"template":"","product_category":[8],"class_list":["post-1041","product","type-product","status-publish","has-post-thumbnail","hentry","product_category-natursteine"],"_links":{"self":[{"href":"https:\/\/katlanstein.de\/en\/wp-json\/wp\/v2\/product\/1041","targetHints":{"allow":["GET"]}}],"collection":[{"href":"https:\/\/katlanstein.de\/en\/wp-json\/wp\/v2\/product"}],"about":[{"href":"https:\/\/katlanstein.de\/en\/wp-json\/wp\/v2\/types\/product"}],"version-history":[{"count":3,"href":"https:\/\/katlanstein.de\/en\/wp-json\/wp\/v2\/product\/1041\/revisions"}],"predecessor-version":[{"id":2885,"href":"https:\/\/katlanstein.de\/en\/wp-json\/wp\/v2\/product\/1041\/revisions\/2885"}],"wp:featuredmedia":[{"embeddable":true,"href":"https:\/\/katlanstein.de\/en\/wp-json\/wp\/v2\/media\/1045"}],"wp:attachment":[{"href":"https:\/\/katlanstein.de\/en\/wp-json\/wp\/v2\/media?parent=1041"}],"wp:term":[{"taxonomy":"product_category","embeddable":true,"href":"https:\/\/katlanstein.de\/en\/wp-json\/wp\/v2\/product_category?post=1041"}],"curies":[{"name":"wp","href":"https:\/\/api.w.org\/{rel}","templated":true}]}}